{"id":93,"date":"2025-07-10T18:13:28","date_gmt":"2025-07-10T21:13:28","guid":{"rendered":"https:\/\/odics.ufro.cl\/?page_id=93"},"modified":"2025-07-11T11:35:25","modified_gmt":"2025-07-11T14:35:25","slug":"noticias","status":"publish","type":"page","link":"https:\/\/odics.ufro.cl\/?page_id=93","title":{"rendered":"Noticias"},"content":{"rendered":"\t\t<div data-elementor-type=\"wp-page\" data-elementor-id=\"93\" class=\"elementor elementor-93\" data-elementor-post-type=\"page\">\n\t\t\t\t<div class=\"elementor-element elementor-element-3541f5d e-flex e-con-boxed e-con e-parent\" data-id=\"3541f5d\" data-element_type=\"container\">\n\t\t\t\t\t<div class=\"e-con-inner\">\n\t\t<div class=\"elementor-element elementor-element-c2fa168 e-con-full e-flex e-con e-child\" data-id=\"c2fa168\" data-element_type=\"container\">\n\t\t\t\t<div class=\"elementor-element elementor-element-9c09e42 elementor-grid-3 elementor-grid-tablet-2 elementor-grid-mobile-1 elementor-posts--thumbnail-top elementor-posts__hover-gradient elementor-widget elementor-widget-posts\" data-id=\"9c09e42\" data-element_type=\"widget\" data-settings=\"{&quot;pagination_type&quot;:&quot;numbers&quot;,&quot;cards_columns&quot;:&quot;3&quot;,&quot;cards_columns_tablet&quot;:&quot;2&quot;,&quot;cards_columns_mobile&quot;:&quot;1&quot;,&quot;cards_row_gap&quot;:{&quot;unit&quot;:&quot;px&quot;,&quot;size&quot;:35,&quot;sizes&quot;:[]},&quot;cards_row_gap_tablet&quot;:{&quot;unit&quot;:&quot;px&quot;,&quot;size&quot;:&quot;&quot;,&quot;sizes&quot;:[]},&quot;cards_row_gap_mobile&quot;:{&quot;unit&quot;:&quot;px&quot;,&quot;size&quot;:&quot;&quot;,&quot;sizes&quot;:[]}}\" data-widget_type=\"posts.cards\">\n\t\t\t\t<div class=\"elementor-widget-container\">\n\t\t\t\t\t\t\t<div class=\"elementor-posts-container elementor-posts elementor-posts--skin-cards elementor-grid\">\n\t\t\t\t<article class=\"elementor-post elementor-grid-item post-622 post type-post status-publish format-standard has-post-thumbnail hentry category-sin-categoria\">\n\t\t\t<div class=\"elementor-post__card\">\n\t\t\t\t<a class=\"elementor-post__thumbnail__link\" href=\"https:\/\/odics.ufro.cl\/?p=622\" tabindex=\"-1\" ><div class=\"elementor-post__thumbnail\"><img fetchpriority=\"high\" decoding=\"async\" width=\"300\" height=\"225\" src=\"https:\/\/odics.ufro.cl\/wp-content\/uploads\/2025\/11\/3-300x225.jpg\" class=\"attachment-medium size-medium wp-image-625\" alt=\"\" srcset=\"https:\/\/odics.ufro.cl\/wp-content\/uploads\/2025\/11\/3-300x225.jpg 300w, https:\/\/odics.ufro.cl\/wp-content\/uploads\/2025\/11\/3-1024x768.jpg 1024w, https:\/\/odics.ufro.cl\/wp-content\/uploads\/2025\/11\/3-768x576.jpg 768w, https:\/\/odics.ufro.cl\/wp-content\/uploads\/2025\/11\/3-1536x1152.jpg 1536w, https:\/\/odics.ufro.cl\/wp-content\/uploads\/2025\/11\/3-2048x1536.jpg 2048w\" sizes=\"(max-width: 300px) 100vw, 300px\" \/><\/div><\/a>\n\t\t\t\t<div class=\"elementor-post__text\">\n\t\t\t\t<h3 class=\"elementor-post__title\">\n\t\t\t<a href=\"https:\/\/odics.ufro.cl\/?p=622\" >\n\t\t\t\tSemana de investigaci\u00f3n internacional en el Campus Puc\u00f3n UFRO en torno al proyecto FOVI 240285 ANID\t\t\t<\/a>\n\t\t<\/h3>\n\t\t\t\t<div class=\"elementor-post__excerpt\">\n\t\t\t<p>Semana de investigaci\u00f3n internacional en el Campus Puc\u00f3n UFRO en torno al proyecto FOVI 240285 ANID La instancia reuni\u00f3 a investigadores y acad\u00e9micos de distintas universidades del mundo, entre ellas la Universidad de Buenos Aires, Universidad de Quilmes, Pontificia Universidad Javeriana de Bogot\u00e1, Universidad de Vigo, Universidad Nacional Mayor de<\/p>\n\t\t<\/div>\n\t\t\n\t\t<a class=\"elementor-post__read-more\" href=\"https:\/\/odics.ufro.cl\/?p=622\" aria-label=\"Read more about Semana de investigaci\u00f3n internacional en el Campus Puc\u00f3n UFRO en torno al proyecto FOVI 240285 ANID\" tabindex=\"-1\" >\n\t\t\tLeer M\u00e1s\t\t<\/a>\n\n\t\t\t\t<\/div>\n\t\t\t\t<div class=\"elementor-post__meta-data\">\n\t\t\t\t\t<span class=\"elementor-post-date\">\n\t\t\t7 de Noviembre de 2025\t\t<\/span>\n\t\t\t\t<span class=\"elementor-post-avatar\">\n\t\t\tSin Comentarios\t\t<\/span>\n\t\t\t\t<\/div>\n\t\t\t\t\t<\/div>\n\t\t<\/article>\n\t\t\t\t<article class=\"elementor-post elementor-grid-item post-614 post type-post status-publish format-standard has-post-thumbnail hentry category-sin-categoria\">\n\t\t\t<div class=\"elementor-post__card\">\n\t\t\t\t<a class=\"elementor-post__thumbnail__link\" href=\"https:\/\/odics.ufro.cl\/?p=614\" tabindex=\"-1\" ><div class=\"elementor-post__thumbnail\"><img decoding=\"async\" width=\"300\" height=\"225\" src=\"https:\/\/odics.ufro.cl\/wp-content\/uploads\/2025\/10\/Imagen-de-WhatsApp-2025-10-20-a-las-16.39.39_4466a684-300x225.jpg\" class=\"attachment-medium size-medium wp-image-616\" alt=\"\" srcset=\"https:\/\/odics.ufro.cl\/wp-content\/uploads\/2025\/10\/Imagen-de-WhatsApp-2025-10-20-a-las-16.39.39_4466a684-300x225.jpg 300w, https:\/\/odics.ufro.cl\/wp-content\/uploads\/2025\/10\/Imagen-de-WhatsApp-2025-10-20-a-las-16.39.39_4466a684-1024x768.jpg 1024w, https:\/\/odics.ufro.cl\/wp-content\/uploads\/2025\/10\/Imagen-de-WhatsApp-2025-10-20-a-las-16.39.39_4466a684-768x576.jpg 768w, https:\/\/odics.ufro.cl\/wp-content\/uploads\/2025\/10\/Imagen-de-WhatsApp-2025-10-20-a-las-16.39.39_4466a684-1536x1152.jpg 1536w, https:\/\/odics.ufro.cl\/wp-content\/uploads\/2025\/10\/Imagen-de-WhatsApp-2025-10-20-a-las-16.39.39_4466a684.jpg 1600w\" sizes=\"(max-width: 300px) 100vw, 300px\" \/><\/div><\/a>\n\t\t\t\t<div class=\"elementor-post__text\">\n\t\t\t\t<h3 class=\"elementor-post__title\">\n\t\t\t<a href=\"https:\/\/odics.ufro.cl\/?p=614\" >\n\t\t\t\tODICS celebra su primer aniversario impulsando la innovaci\u00f3n social y el cambio\t\t\t<\/a>\n\t\t<\/h3>\n\t\t\t\t<div class=\"elementor-post__excerpt\">\n\t\t\t<p>ODICS celebra su primer aniversario impulsando la innovaci\u00f3n social y el cambio El pasado 2 de octubre, el Observatorio de Innovaci\u00f3n Social y Cambio Social (ODICS) celebr\u00f3 su primer a\u00f1o de existencia, consolidando un espacio de reflexi\u00f3n, investigaci\u00f3n y acci\u00f3n en torno a los desaf\u00edos sociales contempor\u00e1neos. Durante la jornada,<\/p>\n\t\t<\/div>\n\t\t\n\t\t<a class=\"elementor-post__read-more\" href=\"https:\/\/odics.ufro.cl\/?p=614\" aria-label=\"Read more about ODICS celebra su primer aniversario impulsando la innovaci\u00f3n social y el cambio\" tabindex=\"-1\" >\n\t\t\tLeer M\u00e1s\t\t<\/a>\n\n\t\t\t\t<\/div>\n\t\t\t\t<div class=\"elementor-post__meta-data\">\n\t\t\t\t\t<span class=\"elementor-post-date\">\n\t\t\t20 de Octubre de 2025\t\t<\/span>\n\t\t\t\t<span class=\"elementor-post-avatar\">\n\t\t\tSin Comentarios\t\t<\/span>\n\t\t\t\t<\/div>\n\t\t\t\t\t<\/div>\n\t\t<\/article>\n\t\t\t\t<article class=\"elementor-post elementor-grid-item post-576 post type-post status-publish format-standard has-post-thumbnail hentry category-sin-categoria\">\n\t\t\t<div class=\"elementor-post__card\">\n\t\t\t\t<a class=\"elementor-post__thumbnail__link\" href=\"https:\/\/odics.ufro.cl\/?p=576\" tabindex=\"-1\" ><div class=\"elementor-post__thumbnail\"><img decoding=\"async\" width=\"300\" height=\"225\" src=\"https:\/\/odics.ufro.cl\/wp-content\/uploads\/2025\/07\/Argentina1-300x225.jpg\" class=\"attachment-medium size-medium wp-image-577\" alt=\"\" srcset=\"https:\/\/odics.ufro.cl\/wp-content\/uploads\/2025\/07\/Argentina1-300x225.jpg 300w, https:\/\/odics.ufro.cl\/wp-content\/uploads\/2025\/07\/Argentina1-1024x768.jpg 1024w, https:\/\/odics.ufro.cl\/wp-content\/uploads\/2025\/07\/Argentina1-768x576.jpg 768w, https:\/\/odics.ufro.cl\/wp-content\/uploads\/2025\/07\/Argentina1-1536x1152.jpg 1536w, https:\/\/odics.ufro.cl\/wp-content\/uploads\/2025\/07\/Argentina1-2048x1536.jpg 2048w\" sizes=\"(max-width: 300px) 100vw, 300px\" \/><\/div><\/a>\n\t\t\t\t<div class=\"elementor-post__text\">\n\t\t\t\t<h3 class=\"elementor-post__title\">\n\t\t\t<a href=\"https:\/\/odics.ufro.cl\/?p=576\" >\n\t\t\t\tAcad\u00e9micos UFRO participan en pasant\u00eda internacional para fortalecer la investigaci\u00f3n en la era del Tecnoceno\t\t\t<\/a>\n\t\t<\/h3>\n\t\t\t\t<div class=\"elementor-post__excerpt\">\n\t\t\t<p>Acad\u00e9micos UFRO participan en pasant\u00eda internacional para fortalecer la investigaci\u00f3n en la era del Tecnoceno Entre el 11 y el 17 de mayo de 2025, investigadoras e investigadores del Instituto iDEAUFRO y del Doctorado en Comunicaci\u00f3n de la Universidad de La Frontera participaron en una pasant\u00eda internacional en Buenos Aires,<\/p>\n\t\t<\/div>\n\t\t\n\t\t<a class=\"elementor-post__read-more\" href=\"https:\/\/odics.ufro.cl\/?p=576\" aria-label=\"Read more about Acad\u00e9micos UFRO participan en pasant\u00eda internacional para fortalecer la investigaci\u00f3n en la era del Tecnoceno\" tabindex=\"-1\" >\n\t\t\tLeer M\u00e1s\t\t<\/a>\n\n\t\t\t\t<\/div>\n\t\t\t\t<div class=\"elementor-post__meta-data\">\n\t\t\t\t\t<span class=\"elementor-post-date\">\n\t\t\t10 de Julio de 2025\t\t<\/span>\n\t\t\t\t<span class=\"elementor-post-avatar\">\n\t\t\tSin Comentarios\t\t<\/span>\n\t\t\t\t<\/div>\n\t\t\t\t\t<\/div>\n\t\t<\/article>\n\t\t\t\t<article class=\"elementor-post elementor-grid-item post-568 post type-post status-publish format-standard has-post-thumbnail hentry category-sin-categoria\">\n\t\t\t<div class=\"elementor-post__card\">\n\t\t\t\t<a class=\"elementor-post__thumbnail__link\" href=\"https:\/\/odics.ufro.cl\/?p=568\" tabindex=\"-1\" ><div class=\"elementor-post__thumbnail\"><img loading=\"lazy\" decoding=\"async\" width=\"300\" height=\"144\" src=\"https:\/\/odics.ufro.cl\/wp-content\/uploads\/2025\/07\/6IMG-1-300x144.jpg\" class=\"attachment-medium size-medium wp-image-570\" alt=\"\" srcset=\"https:\/\/odics.ufro.cl\/wp-content\/uploads\/2025\/07\/6IMG-1-300x144.jpg 300w, https:\/\/odics.ufro.cl\/wp-content\/uploads\/2025\/07\/6IMG-1-1024x490.jpg 1024w, https:\/\/odics.ufro.cl\/wp-content\/uploads\/2025\/07\/6IMG-1-768x368.jpg 768w, https:\/\/odics.ufro.cl\/wp-content\/uploads\/2025\/07\/6IMG-1-1536x736.jpg 1536w, https:\/\/odics.ufro.cl\/wp-content\/uploads\/2025\/07\/6IMG-1-2048x981.jpg 2048w\" sizes=\"(max-width: 300px) 100vw, 300px\" \/><\/div><\/a>\n\t\t\t\t<div class=\"elementor-post__text\">\n\t\t\t\t<h3 class=\"elementor-post__title\">\n\t\t\t<a href=\"https:\/\/odics.ufro.cl\/?p=568\" >\n\t\t\t\tUFRO lanza nuevo \u00e1mbito investigativo con Observatorio de Innovaci\u00f3n Digital y Cambio Social\t\t\t<\/a>\n\t\t<\/h3>\n\t\t\t\t<div class=\"elementor-post__excerpt\">\n\t\t\t<p>UFRO lanza nuevo \u00e1mbito investigativo con Observatorio de Innovaci\u00f3n Digital y Cambio Social A comienzos de octubre se llev\u00f3 a cabo la\u00a0inauguraci\u00f3n del Observatorio de Innovaci\u00f3n Digital y Cambio Social, un proyecto liderado por el Instituto de Innovaci\u00f3n y Emprendimiento de La Araucan\u00eda (iDEAUFRO), perteneciente a la Universidad de La<\/p>\n\t\t<\/div>\n\t\t\n\t\t<a class=\"elementor-post__read-more\" href=\"https:\/\/odics.ufro.cl\/?p=568\" aria-label=\"Read more about UFRO lanza nuevo \u00e1mbito investigativo con Observatorio de Innovaci\u00f3n Digital y Cambio Social\" tabindex=\"-1\" >\n\t\t\tLeer M\u00e1s\t\t<\/a>\n\n\t\t\t\t<\/div>\n\t\t\t\t<div class=\"elementor-post__meta-data\">\n\t\t\t\t\t<span class=\"elementor-post-date\">\n\t\t\t10 de Julio de 2025\t\t<\/span>\n\t\t\t\t<span class=\"elementor-post-avatar\">\n\t\t\tSin Comentarios\t\t<\/span>\n\t\t\t\t<\/div>\n\t\t\t\t\t<\/div>\n\t\t<\/article>\n\t\t\t\t<article class=\"elementor-post elementor-grid-item post-555 post type-post status-publish format-standard has-post-thumbnail hentry category-sin-categoria\">\n\t\t\t<div class=\"elementor-post__card\">\n\t\t\t\t<a class=\"elementor-post__thumbnail__link\" href=\"https:\/\/odics.ufro.cl\/?p=555\" tabindex=\"-1\" ><div class=\"elementor-post__thumbnail\"><img loading=\"lazy\" decoding=\"async\" width=\"300\" height=\"169\" src=\"https:\/\/odics.ufro.cl\/wp-content\/uploads\/2025\/07\/Alex1-1-300x169.jpg\" class=\"attachment-medium size-medium wp-image-547\" alt=\"\" srcset=\"https:\/\/odics.ufro.cl\/wp-content\/uploads\/2025\/07\/Alex1-1-300x169.jpg 300w, https:\/\/odics.ufro.cl\/wp-content\/uploads\/2025\/07\/Alex1-1-1024x576.jpg 1024w, https:\/\/odics.ufro.cl\/wp-content\/uploads\/2025\/07\/Alex1-1-768x432.jpg 768w, https:\/\/odics.ufro.cl\/wp-content\/uploads\/2025\/07\/Alex1-1-1536x864.jpg 1536w, https:\/\/odics.ufro.cl\/wp-content\/uploads\/2025\/07\/Alex1-1.jpg 2048w\" sizes=\"(max-width: 300px) 100vw, 300px\" \/><\/div><\/a>\n\t\t\t\t<div class=\"elementor-post__text\">\n\t\t\t\t<h3 class=\"elementor-post__title\">\n\t\t\t<a href=\"https:\/\/odics.ufro.cl\/?p=555\" >\n\t\t\t\tEl proyecto comienza a tomar forma: estudiante de iDEAUFRO lidera iniciativa para reducir brechas digitales en personas mayores con apoyo de IA\t\t\t<\/a>\n\t\t<\/h3>\n\t\t\t\t<div class=\"elementor-post__excerpt\">\n\t\t\t<p>El proyecto comienza a tomar forma: estudiante de iDEAUFRO lidera iniciativa para reducir brechas digitales en personas mayores con apoyo de IA El pasado martes 10 de junio se realiz\u00f3 la primera reuni\u00f3n de coordinaci\u00f3n del proyecto\u00a0\u201cReducci\u00f3n de brechas digitales en personas mayores mediante el uso de inteligencia artificial\u201d, iniciativa<\/p>\n\t\t<\/div>\n\t\t\n\t\t<a class=\"elementor-post__read-more\" href=\"https:\/\/odics.ufro.cl\/?p=555\" aria-label=\"Read more about El proyecto comienza a tomar forma: estudiante de iDEAUFRO lidera iniciativa para reducir brechas digitales en personas mayores con apoyo de IA\" tabindex=\"-1\" >\n\t\t\tLeer M\u00e1s\t\t<\/a>\n\n\t\t\t\t<\/div>\n\t\t\t\t<div class=\"elementor-post__meta-data\">\n\t\t\t\t\t<span class=\"elementor-post-date\">\n\t\t\t10 de Julio de 2025\t\t<\/span>\n\t\t\t\t<span class=\"elementor-post-avatar\">\n\t\t\tSin Comentarios\t\t<\/span>\n\t\t\t\t<\/div>\n\t\t\t\t\t<\/div>\n\t\t<\/article>\n\t\t\t\t<\/div>\n\t\t\n\t\t\t\t\t\t<\/div>\n\t\t\t\t<\/div>\n\t\t\t\t<\/div>\n\t\t\t\t\t<\/div>\n\t\t\t\t<\/div>\n\t\t\t\t<\/div>\n\t\t","protected":false},"excerpt":{"rendered":"","protected":false},"author":1,"featured_media":0,"parent":0,"menu_order":0,"comment_status":"closed","ping_status":"closed","template":"","meta":{"footnotes":""},"class_list":["post-93","page","type-page","status-publish","hentry"],"_links":{"self":[{"href":"https:\/\/odics.ufro.cl\/index.php?rest_route=\/wp\/v2\/pages\/93","targetHints":{"allow":["GET"]}}],"collection":[{"href":"https:\/\/odics.ufro.cl\/index.php?rest_route=\/wp\/v2\/pages"}],"about":[{"href":"https:\/\/odics.ufro.cl\/index.php?rest_route=\/wp\/v2\/types\/page"}],"author":[{"embeddable":true,"href":"https:\/\/odics.ufro.cl\/index.php?rest_route=\/wp\/v2\/users\/1"}],"replies":[{"embeddable":true,"href":"https:\/\/odics.ufro.cl\/index.php?rest_route=%2Fwp%2Fv2%2Fcomments&post=93"}],"version-history":[{"count":10,"href":"https:\/\/odics.ufro.cl\/index.php?rest_route=\/wp\/v2\/pages\/93\/revisions"}],"predecessor-version":[{"id":594,"href":"https:\/\/odics.ufro.cl\/index.php?rest_route=\/wp\/v2\/pages\/93\/revisions\/594"}],"wp:attachment":[{"href":"https:\/\/odics.ufro.cl\/index.php?rest_route=%2Fwp%2Fv2%2Fmedia&parent=93"}],"curies":[{"name":"wp","href":"https:\/\/api.w.org\/{rel}","templated":true}]}}